{"id":720,"date":"2025-11-27T13:41:08","date_gmt":"2025-11-27T12:41:08","guid":{"rendered":"https:\/\/tektonik.net\/fr\/?page_id=720"},"modified":"2025-11-27T13:46:55","modified_gmt":"2025-11-27T12:46:55","slug":"itb","status":"publish","type":"page","link":"https:\/\/tektonik.net\/fr\/itb\/","title":{"rendered":"ITB"},"content":{"rendered":"","protected":false},"excerpt":{"rendered":"","protected":false},"author":1,"featured_media":0,"parent":0,"menu_order":0,"comment_status":"closed","ping_status":"closed","template":"","meta":[],"class_list":["post-720","page","type-page","status-publish","hentry"],"yoast_head":"<!-- This site is optimized with the Yoast SEO plugin v26.4 - https:\/\/yoast.com\/wordpress\/plugins\/seo\/ -->\n<title>ITB - Tek To Nik<\/title>\n<meta name=\"description\" content=\"L&#039;interniste de votre b\u00e2timent \u2013 l&#039;\u00e9quipement technique du b\u00e2timent comme levier pour un avantage \u00e9conomique\" \/>\n<meta name=\"robots\" content=\"index, follow, max-snippet:-1, max-image-preview:large, max-video-preview:-1\" \/>\n<link rel=\"canonical\" href=\"https:\/\/tektonik.net\/fr\/itb\/\" \/>\n<meta property=\"og:locale\" content=\"fr_FR\" \/>\n<meta property=\"og:type\" content=\"article\" \/>\n<meta property=\"og:title\" content=\"ITB - Tek To Nik\" \/>\n<meta property=\"og:description\" content=\"L&#039;interniste de votre b\u00e2timent \u2013 l&#039;\u00e9quipement technique du b\u00e2timent comme levier pour un avantage \u00e9conomique\" \/>\n<meta property=\"og:url\" content=\"https:\/\/tektonik.net\/fr\/itb\/\" \/>\n<meta property=\"og:site_name\" content=\"TEK TO NIK - FR\" \/>\n<meta property=\"article:modified_time\" content=\"2025-11-27T12:46:55+00:00\" \/>\n<meta name=\"twitter:card\" content=\"summary_large_image\" \/>\n<script type=\"application\/ld+json\" class=\"yoast-schema-graph\">{\"@context\":\"https:\/\/schema.org\",\"@graph\":[{\"@type\":\"WebPage\",\"@id\":\"https:\/\/tektonik.net\/fr\/itb\/\",\"url\":\"https:\/\/tektonik.net\/fr\/itb\/\",\"name\":\"ITB - Tek To Nik\",\"isPartOf\":{\"@id\":\"https:\/\/tektonik.net\/fr\/#website\"},\"datePublished\":\"2025-11-27T12:41:08+00:00\",\"dateModified\":\"2025-11-27T12:46:55+00:00\",\"description\":\"L'interniste de votre b\u00e2timent \u2013 l'\u00e9quipement technique du b\u00e2timent comme levier pour un avantage \u00e9conomique\",\"breadcrumb\":{\"@id\":\"https:\/\/tektonik.net\/fr\/itb\/#breadcrumb\"},\"inLanguage\":\"fr-FR\",\"potentialAction\":[{\"@type\":\"ReadAction\",\"target\":[\"https:\/\/tektonik.net\/fr\/itb\/\"]}]},{\"@type\":\"BreadcrumbList\",\"@id\":\"https:\/\/tektonik.net\/fr\/itb\/#breadcrumb\",\"itemListElement\":[{\"@type\":\"ListItem\",\"position\":1,\"name\":\"Startseite\",\"item\":\"https:\/\/tektonik.net\/fr\/\"},{\"@type\":\"ListItem\",\"position\":2,\"name\":\"ITB\"}]},{\"@type\":\"WebSite\",\"@id\":\"https:\/\/tektonik.net\/fr\/#website\",\"url\":\"https:\/\/tektonik.net\/fr\/\",\"name\":\"TEK TO NIK - FR\",\"description\":\"FR\",\"potentialAction\":[{\"@type\":\"SearchAction\",\"target\":{\"@type\":\"EntryPoint\",\"urlTemplate\":\"https:\/\/tektonik.net\/fr\/?s={search_term_string}\"},\"query-input\":{\"@type\":\"PropertyValueSpecification\",\"valueRequired\":true,\"valueName\":\"search_term_string\"}}],\"inLanguage\":\"fr-FR\"}]}<\/script>\n<!-- \/ Yoast SEO plugin. -->","yoast_head_json":{"title":"ITB - Tek To Nik","description":"L'interniste de votre b\u00e2timent \u2013 l'\u00e9quipement technique du b\u00e2timent comme levier pour un avantage \u00e9conomique","robots":{"index":"index","follow":"follow","max-snippet":"max-snippet:-1","max-image-preview":"max-image-preview:large","max-video-preview":"max-video-preview:-1"},"canonical":"https:\/\/tektonik.net\/fr\/itb\/","og_locale":"fr_FR","og_type":"article","og_title":"ITB - Tek To Nik","og_description":"L'interniste de votre b\u00e2timent \u2013 l'\u00e9quipement technique du b\u00e2timent comme levier pour un avantage \u00e9conomique","og_url":"https:\/\/tektonik.net\/fr\/itb\/","og_site_name":"TEK TO NIK - FR","article_modified_time":"2025-11-27T12:46:55+00:00","twitter_card":"summary_large_image","schema":{"@context":"https:\/\/schema.org","@graph":[{"@type":"WebPage","@id":"https:\/\/tektonik.net\/fr\/itb\/","url":"https:\/\/tektonik.net\/fr\/itb\/","name":"ITB - Tek To Nik","isPartOf":{"@id":"https:\/\/tektonik.net\/fr\/#website"},"datePublished":"2025-11-27T12:41:08+00:00","dateModified":"2025-11-27T12:46:55+00:00","description":"L'interniste de votre b\u00e2timent \u2013 l'\u00e9quipement technique du b\u00e2timent comme levier pour un avantage \u00e9conomique","breadcrumb":{"@id":"https:\/\/tektonik.net\/fr\/itb\/#breadcrumb"},"inLanguage":"fr-FR","potentialAction":[{"@type":"ReadAction","target":["https:\/\/tektonik.net\/fr\/itb\/"]}]},{"@type":"BreadcrumbList","@id":"https:\/\/tektonik.net\/fr\/itb\/#breadcrumb","itemListElement":[{"@type":"ListItem","position":1,"name":"Startseite","item":"https:\/\/tektonik.net\/fr\/"},{"@type":"ListItem","position":2,"name":"ITB"}]},{"@type":"WebSite","@id":"https:\/\/tektonik.net\/fr\/#website","url":"https:\/\/tektonik.net\/fr\/","name":"TEK TO NIK - FR","description":"FR","potentialAction":[{"@type":"SearchAction","target":{"@type":"EntryPoint","urlTemplate":"https:\/\/tektonik.net\/fr\/?s={search_term_string}"},"query-input":{"@type":"PropertyValueSpecification","valueRequired":true,"valueName":"search_term_string"}}],"inLanguage":"fr-FR"}]}},"_links":{"self":[{"href":"https:\/\/tektonik.net\/fr\/wp-json\/wp\/v2\/pages\/720","targetHints":{"allow":["GET"]}}],"collection":[{"href":"https:\/\/tektonik.net\/fr\/wp-json\/wp\/v2\/pages"}],"about":[{"href":"https:\/\/tektonik.net\/fr\/wp-json\/wp\/v2\/types\/page"}],"author":[{"embeddable":true,"href":"https:\/\/tektonik.net\/fr\/wp-json\/wp\/v2\/users\/1"}],"replies":[{"embeddable":true,"href":"https:\/\/tektonik.net\/fr\/wp-json\/wp\/v2\/comments?post=720"}],"version-history":[{"count":4,"href":"https:\/\/tektonik.net\/fr\/wp-json\/wp\/v2\/pages\/720\/revisions"}],"predecessor-version":[{"id":724,"href":"https:\/\/tektonik.net\/fr\/wp-json\/wp\/v2\/pages\/720\/revisions\/724"}],"wp:attachment":[{"href":"https:\/\/tektonik.net\/fr\/wp-json\/wp\/v2\/media?parent=720"}],"curies":[{"name":"wp","href":"https:\/\/api.w.org\/{rel}","templated":true}]}}